{"id":246,"date":"2021-05-19T11:45:24","date_gmt":"2021-05-19T11:45:24","guid":{"rendered":"https:\/\/mellifiq.com\/academy\/?page_id=246"},"modified":"2021-08-20T14:08:08","modified_gmt":"2021-08-20T14:08:08","slug":"events","status":"publish","type":"page","link":"https:\/\/academy.mellifiq.com\/fi\/events","title":{"rendered":"Events"},"content":{"rendered":"\r\n<section class=\"block events\" style=\" background-color: ; \">\r\n  \r\n  <div class=\"container-fluid\">\r\n    \r\n            \n<div class=\"events-filtering filtering\" data-link=\"https:\/\/academy.mellifiq.com\/fi\/wp-json\/wp\/v2\">\n  <select\n    id=\"event_business_areas\"\n    name=\"year-filter\"\n    class=\"filtering___select\"\n    data-arrow=\"<svg version=\"1.1\" id=\"Layer_1\" xmlns=\"http:\/\/www.w3.org\/2000\/svg\" x=\"0\" y=\"0\" viewBox=\"0 0 20 11.44\" xml:space=\"preserve\"><path fill=\"#FF691C\" d=\"M10 7.99L17.56.42c.55-.56 1.45-.56 2.01-.01l.01.01c.55.56.55 1.46 0 2.02l-8.57 8.57c-.54.54-1.41.56-1.97.04L.42 2.45C-.14 1.89-.14.99.42.43s1.46-.56 2.02 0L10 7.99z\"\/><\/svg>&#8221;\n  >\n\n    <option value=\"none\">&#8211; Business areas &#8211;<\/option>\n   \n              <option\n        value=\"ilmankasittely\"\n              >\n        Ilmank\u00e4sittely      <\/option>\n          <option\n        value=\"keittion-poistoilma\"\n              >\n        Keitti\u00f6n poistoilma      <\/option>\n          <option\n        value=\"storkoksventilation\"\n              >\n        Stork\u00f6ksventilation      <\/option>\n          <option\n        value=\"vedenkasittely\"\n              >\n        Vedenk\u00e4sittely      <\/option>\n      <\/select>\n\n  <select\n    id=\"event_location\"\n    name=\"year-filter\"\n    class=\"filtering___select\"\n    data-arrow=\"<svg version=\"1.1\" id=\"Layer_1\" xmlns=\"http:\/\/www.w3.org\/2000\/svg\" x=\"0\" y=\"0\" viewBox=\"0 0 20 11.44\" xml:space=\"preserve\"><path fill=\"#FF691C\" d=\"M10 7.99L17.56.42c.55-.56 1.45-.56 2.01-.01l.01.01c.55.56.55 1.46 0 2.02l-8.57 8.57c-.54.54-1.41.56-1.97.04L.42 2.45C-.14 1.89-.14.99.42.43s1.46-.56 2.02 0L10 7.99z\"\/><\/svg>&#8221;\n  >\n    <option value=\"none\">&#8211; Event Locations &#8211;<\/option>\n\n              <option\n        value=\"sverige\"\n              >\n        Sverige      <\/option>\n          <option\n        value=\"webinar-fi\"\n              >\n        Webseminaari      <\/option>\n          <option\n        value=\"yhdistyneet-arabiemiirikunnat\"\n              >\n        Yhdistyneet Arabiemiirikunnat      <\/option>\n      <\/select>\n\n  <select\n    id=\"event_period\"\n    name=\"year-filter\"\n    class=\"filtering___select\"\n    data-arrow=\"<svg version=\"1.1\" id=\"Layer_1\" xmlns=\"http:\/\/www.w3.org\/2000\/svg\" x=\"0\" y=\"0\" viewBox=\"0 0 20 11.44\" xml:space=\"preserve\"><path fill=\"#FF691C\" d=\"M10 7.99L17.56.42c.55-.56 1.45-.56 2.01-.01l.01.01c.55.56.55 1.46 0 2.02l-8.57 8.57c-.54.54-1.41.56-1.97.04L.42 2.45C-.14 1.89-.14.99.42.43s1.46-.56 2.02 0L10 7.99z\"\/><\/svg>&#8221;\n  >\n    <option value=\"none\">&#8211; Year &#8211;<\/option>\n\n              <option\n        value=\"2021-fi\"\n              >\n        2021      <\/option>\n      <\/select>\n<\/div>    \r\n    \r\n              <div class=\"projects events projects--archive\">\r\n              \n  <div class=\"events__event\" style='background-color: #e6e6e6;border:1px solid #000;'>\n    <div class=\"events__event--content\">\n    <a href=\"https:\/\/academy.mellifiq.com\/fi\/archives\/events\/mellifiq-customized-solutions-providing-best-in-class-water-treatment-solutions-on-demand-2\" title='Mellifiq customized solutions &#8211; providing best-in-class water treatment solutions on demand'><h3 class=\"title\" >Mellifiq custom&#8230;<\/h3><\/a>\n      <p style=\"margin-bottom: 0;\">Language : Englanniksi<\/p>\n      <p style=\"margin-bottom: 0;\">Date : 2021-12-10<\/p>\n      <p style=\"margin-bottom: 0;\">Platform : Webseminaari<\/p>\n        \n      <a href=\"https:\/\/academy.mellifiq.com\/fi\/archives\/events\/mellifiq-customized-solutions-providing-best-in-class-water-treatment-solutions-on-demand-2\"><p style=\"margin-bottom: 0;\">Read more&#8230;<\/p><\/a>\n          <\/div>\n    \n    <div class=\"event_button event_button_disabled\"><a >Past event<\/a><\/div>\n  <\/div>\n\n              \n  <div class=\"events__event\" style='background-color: #e6e6e6;border:1px solid #000;'>\n    <div class=\"events__event--content\">\n    <a href=\"https:\/\/academy.mellifiq.com\/fi\/archives\/events\/avancerad-rening-av-lakemedelsrester-vid-sorsele-avloppsreningsverk-presentation-av-slututvardering\" title='Avancerad rening av l\u00e4kemedelsrester vid Sorsele avloppsreningsverk \u2013 presentation av slututv\u00e4rdering'><h3 class=\"title\" >Avancerad renin&#8230;<\/h3><\/a>\n      <p style=\"margin-bottom: 0;\">Language : Ruotsiksi<\/p>\n      <p style=\"margin-bottom: 0;\">Date : 2021-11-30<\/p>\n      <p style=\"margin-bottom: 0;\">Platform : Webseminaari<\/p>\n        \n      <a href=\"https:\/\/academy.mellifiq.com\/fi\/archives\/events\/avancerad-rening-av-lakemedelsrester-vid-sorsele-avloppsreningsverk-presentation-av-slututvardering\"><p style=\"margin-bottom: 0;\">Read more&#8230;<\/p><\/a>\n          <\/div>\n    \n    <div class=\"event_button event_button_disabled\"><a >Past event<\/a><\/div>\n  <\/div>\n\n              \n  <div class=\"events__event\" style='background-color: #e6e6e6;border:1px solid #000;'>\n    <div class=\"events__event--content\">\n    <a href=\"https:\/\/academy.mellifiq.com\/fi\/archives\/events\/avancerad-rening-av-lakemedelsrester-i-alingsas-uppfoljning-av-pilotprojektet\" title='Avancerad rening av l\u00e4kemedelsrester i Alings\u00e5s &#8211; uppf\u00f6ljning av pilotprojektet'><h3 class=\"title\" >Avancerad renin&#8230;<\/h3><\/a>\n      <p style=\"margin-bottom: 0;\">Language : Ruotsiksi<\/p>\n      <p style=\"margin-bottom: 0;\">Date : 2021-11-24<\/p>\n      <p style=\"margin-bottom: 0;\">Platform : Webseminaari<\/p>\n        \n      <a href=\"https:\/\/academy.mellifiq.com\/fi\/archives\/events\/avancerad-rening-av-lakemedelsrester-i-alingsas-uppfoljning-av-pilotprojektet\"><p style=\"margin-bottom: 0;\">Read more&#8230;<\/p><\/a>\n          <\/div>\n    \n    <div class=\"event_button event_button_disabled\"><a >Past event<\/a><\/div>\n  <\/div>\n\n              \n  <div class=\"events__event\" style='background-color: #e6e6e6;border:1px solid #000;'>\n    <div class=\"events__event--content\">\n    <a href=\"https:\/\/academy.mellifiq.com\/fi\/archives\/events\/avancerad-rening-av-lakemedelsrester-vid-flurkmark-avloppsreningsverk-presentation-av-slututvardering\" title='Avancerad rening av l\u00e4kemedelsrester vid Flurkmark avloppsreningsverk \u2013 presentation av slututv\u00e4rdering'><h3 class=\"title\" >Avancerad renin&#8230;<\/h3><\/a>\n      <p style=\"margin-bottom: 0;\">Language : Ruotsiksi<\/p>\n      <p style=\"margin-bottom: 0;\">Date : 2021-11-18<\/p>\n      <p style=\"margin-bottom: 0;\">Platform : Webseminaari<\/p>\n        \n      <a href=\"https:\/\/academy.mellifiq.com\/fi\/archives\/events\/avancerad-rening-av-lakemedelsrester-vid-flurkmark-avloppsreningsverk-presentation-av-slututvardering\"><p style=\"margin-bottom: 0;\">Read more&#8230;<\/p><\/a>\n          <\/div>\n    \n    <div class=\"event_button event_button_disabled\"><a >Past event<\/a><\/div>\n  <\/div>\n\n              \n  <div class=\"events__event\" style='background-color: #e6e6e6;border:1px solid #000;'>\n    <div class=\"events__event--content\">\n    <a href=\"https:\/\/academy.mellifiq.com\/fi\/archives\/events\/the-optimal-combination-of-air-treatment-techniques-in-the-industrial-space-2\" title='The optimal combination of air treatment techniques in the industrial space'><h3 class=\"title\" >The optimal com&#8230;<\/h3><\/a>\n      <p style=\"margin-bottom: 0;\">Language : Englanniksi<\/p>\n      <p style=\"margin-bottom: 0;\">Date : 2021-11-16<\/p>\n      <p style=\"margin-bottom: 0;\">Platform : Webseminaari<\/p>\n        \n      <a href=\"https:\/\/academy.mellifiq.com\/fi\/archives\/events\/the-optimal-combination-of-air-treatment-techniques-in-the-industrial-space-2\"><p style=\"margin-bottom: 0;\">Read more&#8230;<\/p><\/a>\n          <\/div>\n    \n    <div class=\"event_button event_button_disabled\"><a >Past event<\/a><\/div>\n  <\/div>\n\n              \n  <div class=\"events__event\" style='background-color: #e6e6e6;border:1px solid #000;'>\n    <div class=\"events__event--content\">\n    <a href=\"https:\/\/academy.mellifiq.com\/fi\/archives\/events\/mellifiq-academy-dubai-exclusive-event\" title='Mellifiq Academy, Dubai Exclusive Event'><h3 class=\"title\" >Mellifiq Academ&#8230;<\/h3><\/a>\n      <p style=\"margin-bottom: 0;\">Language : Englanniksi<\/p>\n      <p style=\"margin-bottom: 0;\">Date : 2021-10-26<\/p>\n      <p style=\"margin-bottom: 0;\">Platform : Seminar<\/p>\n      \t\t\t<p style=\"margin-bottom: 0;\">City : Dubai<\/p>        \n      <a href=\"https:\/\/academy.mellifiq.com\/fi\/archives\/events\/mellifiq-academy-dubai-exclusive-event\"><p style=\"margin-bottom: 0;\">Read more&#8230;<\/p><\/a>\n          <\/div>\n    \n    <div class=\"event_button event_button_disabled\"><a >Past event<\/a><\/div>\n  <\/div>\n\n              \n  <div class=\"events__event\" style='background-color: #e6e6e6;border:1px solid #000;'>\n    <div class=\"events__event--content\">\n    <a href=\"https:\/\/academy.mellifiq.com\/fi\/archives\/events\/the-optimal-combination-of-air-treatment-techniques-in-the-industrial-space\" title='The optimal combination of air treatment techniques in the industrial space'><h3 class=\"title\" >The optimal com&#8230;<\/h3><\/a>\n      <p style=\"margin-bottom: 0;\">Language : Englanniksi<\/p>\n      <p style=\"margin-bottom: 0;\">Date : 2021-06-22<\/p>\n      <p style=\"margin-bottom: 0;\">Platform : Webseminaari<\/p>\n        \n      <a href=\"https:\/\/academy.mellifiq.com\/fi\/archives\/events\/the-optimal-combination-of-air-treatment-techniques-in-the-industrial-space\"><p style=\"margin-bottom: 0;\">Read more&#8230;<\/p><\/a>\n          <\/div>\n    \n    <div class=\"event_button event_button_disabled\"><a >Past event<\/a><\/div>\n  <\/div>\n\n              \n  <div class=\"events__event\" style='background-color: #e6e6e6;border:1px solid #000;'>\n    <div class=\"events__event--content\">\n    <a href=\"https:\/\/academy.mellifiq.com\/fi\/archives\/events\/mellifiq-customized-solutions-providing-best-in-class-water-treatment-solutions-on-demand\" title='Mellifiq customized solutions &#8211; providing best-in-class water treatment solutions on demand'><h3 class=\"title\" >Mellifiq custom&#8230;<\/h3><\/a>\n      <p style=\"margin-bottom: 0;\">Language : Englanniksi<\/p>\n      <p style=\"margin-bottom: 0;\">Date : 2021-06-16<\/p>\n      <p style=\"margin-bottom: 0;\">Platform : Webseminaari<\/p>\n        \n      <a href=\"https:\/\/academy.mellifiq.com\/fi\/archives\/events\/mellifiq-customized-solutions-providing-best-in-class-water-treatment-solutions-on-demand\"><p style=\"margin-bottom: 0;\">Read more&#8230;<\/p><\/a>\n          <\/div>\n    \n    <div class=\"event_button event_button_disabled\"><a >Past event<\/a><\/div>\n  <\/div>\n\n          <\/div>\r\n\r\n    \r\n    \r\n    <nav class=\"col-12 pagination\">\r\n      <span aria-current=\"page\" class=\"page-numbers current\">1<\/span>\n<a class=\"page-numbers\" href=\"https:\/\/academy.mellifiq.com\/fi\/wp-json\/wp\/v2\/pages\/246\/page\/2\">2<\/a>\n<a class=\"next page-numbers\" href=\"https:\/\/academy.mellifiq.com\/fi\/wp-json\/wp\/v2\/pages\/246\/page\/2\"><span class='pagination__arrow pagination__arrow--next'>Next <svg version=\"1.1\" id=\"Layer_1\" xmlns=\"http:\/\/www.w3.org\/2000\/svg\" x=\"0\" y=\"0\" viewBox=\"0 0 25 21.76\" xml:space=\"preserve\"><path fill=\"#299F23\" d=\"M12.17 1.45l1.11-1.1c.46-.47 1.22-.47 1.68 0l9.69 9.68c.47.46.47 1.22 0 1.68l-9.69 9.69c-.46.47-1.22.47-1.68 0l-1.11-1.11c-.47-.47-.46-1.23.01-1.7l.01-.01 6-5.72h-17c-.66 0-1.2-.53-1.2-1.19v-1.6c0-.66.53-1.2 1.19-1.2h17.01l-6-5.72c-.48-.45-.5-1.2-.05-1.68.01 0 .02-.01.03-.02z\"\/><\/svg><\/span><\/a>    <\/nav>\r\n\r\n      <\/div>\r\n<\/section>","protected":false},"excerpt":{"rendered":"","protected":false},"author":7,"featured_media":0,"parent":0,"menu_order":0,"comment_status":"closed","ping_status":"closed","template":"page-oa.php","meta":{"_acf_changed":false,"_seopress_robots_primary_cat":"","_seopress_titles_title":"","_seopress_titles_desc":"","_seopress_robots_index":"","inline_featured_image":false,"footnotes":""},"class_list":["post-246","page","type-page","status-publish","hentry"],"acf":[],"_links":{"self":[{"href":"https:\/\/academy.mellifiq.com\/fi\/wp-json\/wp\/v2\/pages\/246","targetHints":{"allow":["GET"]}}],"collection":[{"href":"https:\/\/academy.mellifiq.com\/fi\/wp-json\/wp\/v2\/pages"}],"about":[{"href":"https:\/\/academy.mellifiq.com\/fi\/wp-json\/wp\/v2\/types\/page"}],"author":[{"embeddable":true,"href":"https:\/\/academy.mellifiq.com\/fi\/wp-json\/wp\/v2\/users\/7"}],"replies":[{"embeddable":true,"href":"https:\/\/academy.mellifiq.com\/fi\/wp-json\/wp\/v2\/comments?post=246"}],"version-history":[{"count":4,"href":"https:\/\/academy.mellifiq.com\/fi\/wp-json\/wp\/v2\/pages\/246\/revisions"}],"predecessor-version":[{"id":1550,"href":"https:\/\/academy.mellifiq.com\/fi\/wp-json\/wp\/v2\/pages\/246\/revisions\/1550"}],"wp:attachment":[{"href":"https:\/\/academy.mellifiq.com\/fi\/wp-json\/wp\/v2\/media?parent=246"}],"curies":[{"name":"wp","href":"https:\/\/api.w.org\/{rel}","templated":true}]}}