{"id":102,"date":"2021-05-19T09:07:55","date_gmt":"2021-05-19T09:07:55","guid":{"rendered":"https:\/\/mellifiq.com\/academy\/seminars\/"},"modified":"2025-04-10T09:56:05","modified_gmt":"2025-04-10T09:56:05","slug":"event","status":"publish","type":"page","link":"https:\/\/academy.mellifiq.com\/sv\/event","title":{"rendered":"Event"},"content":{"rendered":"\r\n<section class=\"block events\" style=\" background-color: ; \">\r\n  \r\n  <div class=\"container-fluid\">\r\n    \r\n            \n<div class=\"events-filtering filtering\" data-link=\"https:\/\/academy.mellifiq.com\/sv\/wp-json\/wp\/v2\">\n  <select\n    id=\"event_business_areas\"\n    name=\"year-filter\"\n    class=\"filtering___select\"\n    data-arrow=\"<svg version=\"1.1\" id=\"Layer_1\" xmlns=\"http:\/\/www.w3.org\/2000\/svg\" x=\"0\" y=\"0\" viewBox=\"0 0 20 11.44\" xml:space=\"preserve\"><path fill=\"#FF691C\" d=\"M10 7.99L17.56.42c.55-.56 1.45-.56 2.01-.01l.01.01c.55.56.55 1.46 0 2.02l-8.57 8.57c-.54.54-1.41.56-1.97.04L.42 2.45C-.14 1.89-.14.99.42.43s1.46-.56 2.02 0L10 7.99z\"\/><\/svg>&#8221;\n  >\n\n    <option value=\"none\">&#8211; Business areas &#8211;<\/option>\n   \n              <option\n        value=\"industriell-luftrening\"\n              >\n        Industriell luftrening      <\/option>\n          <option\n        value=\"industriell-vattenrening\"\n              >\n        Industriell vattenrening      <\/option>\n          <option\n        value=\"kitchen-exhaust-sv\"\n              >\n        Kitchen Exhaust      <\/option>\n          <option\n        value=\"storkoksventilation\"\n              >\n        Stork\u00f6ksventilation      <\/option>\n      <\/select>\n\n  <select\n    id=\"event_location\"\n    name=\"year-filter\"\n    class=\"filtering___select\"\n    data-arrow=\"<svg version=\"1.1\" id=\"Layer_1\" xmlns=\"http:\/\/www.w3.org\/2000\/svg\" x=\"0\" y=\"0\" viewBox=\"0 0 20 11.44\" xml:space=\"preserve\"><path fill=\"#FF691C\" d=\"M10 7.99L17.56.42c.55-.56 1.45-.56 2.01-.01l.01.01c.55.56.55 1.46 0 2.02l-8.57 8.57c-.54.54-1.41.56-1.97.04L.42 2.45C-.14 1.89-.14.99.42.43s1.46-.56 2.02 0L10 7.99z\"\/><\/svg>&#8221;\n  >\n    <option value=\"none\">&#8211; Event Locations &#8211;<\/option>\n\n              <option\n        value=\"finland-sv\"\n              >\n        Finland      <\/option>\n          <option\n        value=\"forenade-arabemiraten\"\n              >\n        F\u00f6renade arabemiraten      <\/option>\n          <option\n        value=\"sverige\"\n              >\n        Sverige      <\/option>\n          <option\n        value=\"sweden-sv\"\n              >\n        Sweden      <\/option>\n          <option\n        value=\"webinar-sv\"\n              >\n        Webinar      <\/option>\n      <\/select>\n\n  <select\n    id=\"event_period\"\n    name=\"year-filter\"\n    class=\"filtering___select\"\n    data-arrow=\"<svg version=\"1.1\" id=\"Layer_1\" xmlns=\"http:\/\/www.w3.org\/2000\/svg\" x=\"0\" y=\"0\" viewBox=\"0 0 20 11.44\" xml:space=\"preserve\"><path fill=\"#FF691C\" d=\"M10 7.99L17.56.42c.55-.56 1.45-.56 2.01-.01l.01.01c.55.56.55 1.46 0 2.02l-8.57 8.57c-.54.54-1.41.56-1.97.04L.42 2.45C-.14 1.89-.14.99.42.43s1.46-.56 2.02 0L10 7.99z\"\/><\/svg>&#8221;\n  >\n    <option value=\"none\">&#8211; Year &#8211;<\/option>\n\n              <option\n        value=\"2019-sv\"\n              >\n        2019      <\/option>\n          <option\n        value=\"2020-sv\"\n              >\n        2020      <\/option>\n          <option\n        value=\"2021-sv\"\n              >\n        2021      <\/option>\n      <\/select>\n<\/div>    \r\n    <h2 style=\"text-align: center;\">Kommande Events<\/h2>\n\r\n              <div class=\"projects events projects--archive\">\r\n              \n  <div class=\"events__event\" >\n    <div class=\"events__event--content\">\n    <a href=\"https:\/\/academy.mellifiq.com\/sv\/archives\/events\/en-standarden-16282-och-effektiv-rening-av-koksfranluft-halmstad\" title='EN-standarden 16282 &amp; 15780 och effektiv rening av k\u00f6ksfr\u00e5nluft (Halmstad)'><h3 class=\"title\" >EN-standarden 1&#8230;<\/h3><\/a>\n      <p style=\"margin-bottom: 0;\">Language : Svenska<\/p>\n      <p style=\"margin-bottom: 0;\">Date : 2026-04-23<\/p>\n      <p style=\"margin-bottom: 0;\">Platform : Seminarium<\/p>\n      \t\t\t<p style=\"margin-bottom: 0;\">City : Halmstad<\/p>        \n      <a href=\"https:\/\/academy.mellifiq.com\/sv\/archives\/events\/en-standarden-16282-och-effektiv-rening-av-koksfranluft-halmstad\"><p style=\"margin-bottom: 0;\">Read more&#8230;<\/p><\/a>\n          <\/div>\n    \n    <div class=\"event_button event_button_enabled\"><a href='https:\/\/academy.mellifiq.com\/sv\/archives\/events\/en-standarden-16282-och-effektiv-rening-av-koksfranluft-halmstad#form'>Sign up<\/a><\/div>\n  <\/div>\n\n              \n  <div class=\"events__event\" >\n    <div class=\"events__event--content\">\n    <a href=\"https:\/\/academy.mellifiq.com\/sv\/archives\/events\/en-standarden-16282-15780-och-effektiv-rening-av-koksfranluft-norrkoping\" title='EN-standarden 16282 &amp; 15780 och effektiv rening av k\u00f6ksfr\u00e5nluft (N\u00f6rrk\u00f6ping)'><h3 class=\"title\" >EN-standarden 1&#8230;<\/h3><\/a>\n      <p style=\"margin-bottom: 0;\">Language : Svenska<\/p>\n      <p style=\"margin-bottom: 0;\">Date : 2026-04-28<\/p>\n      <p style=\"margin-bottom: 0;\">Platform : Seminarium<\/p>\n      \t\t\t<p style=\"margin-bottom: 0;\">City : Norrk\u00f6ping<\/p>        \n      <a href=\"https:\/\/academy.mellifiq.com\/sv\/archives\/events\/en-standarden-16282-15780-och-effektiv-rening-av-koksfranluft-norrkoping\"><p style=\"margin-bottom: 0;\">Read more&#8230;<\/p><\/a>\n          <\/div>\n    \n    <div class=\"event_button event_button_enabled\"><a href='https:\/\/academy.mellifiq.com\/sv\/archives\/events\/en-standarden-16282-15780-och-effektiv-rening-av-koksfranluft-norrkoping#form'>Sign up<\/a><\/div>\n  <\/div>\n\n              \n  <div class=\"events__event\" >\n    <div class=\"events__event--content\">\n    <a href=\"https:\/\/academy.mellifiq.com\/sv\/archives\/events\/en-standarden-16282-och-effektiv-rening-av-koksfranluft-stockholm-7\" title='EN-standarden 16282 och effektiv rening av k\u00f6ksfr\u00e5nluft (Stockholm)'><h3 class=\"title\" >EN-standarden 1&#8230;<\/h3><\/a>\n      <p style=\"margin-bottom: 0;\">Language : Svenska<\/p>\n      <p style=\"margin-bottom: 0;\">Date : 2026-05-07<\/p>\n      <p style=\"margin-bottom: 0;\">Platform : Seminarium<\/p>\n      \t\t\t<p style=\"margin-bottom: 0;\">City : Stockholm<\/p>        \n      <a href=\"https:\/\/academy.mellifiq.com\/sv\/archives\/events\/en-standarden-16282-och-effektiv-rening-av-koksfranluft-stockholm-7\"><p style=\"margin-bottom: 0;\">Read more&#8230;<\/p><\/a>\n          <\/div>\n    \n    <div class=\"event_button event_button_enabled\"><a href='https:\/\/academy.mellifiq.com\/sv\/archives\/events\/en-standarden-16282-och-effektiv-rening-av-koksfranluft-stockholm-7#form'>Sign up<\/a><\/div>\n  <\/div>\n\n          <\/div>\r\n\r\n    \r\n    \r\n    <nav class=\"col-12 pagination\">\r\n          <\/nav>\r\n\r\n      <\/div>\r\n<\/section>\n\n\r\n<section class=\"block events\" style=\" background-color: ; \">\r\n  \r\n  <div class=\"container-fluid\">\r\n    \r\n      <div class=\"content\" style=\"color: ;\">\r\n      <h2 style=\"text-align: center;\">Tidigare Events<\/h2>\n    <\/div>\r\n              \n<div class=\"events-filtering filtering\" data-link=\"https:\/\/academy.mellifiq.com\/sv\/wp-json\/wp\/v2\">\n  <select\n    id=\"event_business_areas\"\n    name=\"year-filter\"\n    class=\"filtering___select\"\n    data-arrow=\"<svg version=\"1.1\" id=\"Layer_1\" xmlns=\"http:\/\/www.w3.org\/2000\/svg\" x=\"0\" y=\"0\" viewBox=\"0 0 20 11.44\" xml:space=\"preserve\"><path fill=\"#FF691C\" d=\"M10 7.99L17.56.42c.55-.56 1.45-.56 2.01-.01l.01.01c.55.56.55 1.46 0 2.02l-8.57 8.57c-.54.54-1.41.56-1.97.04L.42 2.45C-.14 1.89-.14.99.42.43s1.46-.56 2.02 0L10 7.99z\"\/><\/svg>&#8221;\n  >\n\n    <option value=\"none\">&#8211; Business areas &#8211;<\/option>\n   \n              <option\n        value=\"industriell-luftrening\"\n              >\n        Industriell luftrening      <\/option>\n          <option\n        value=\"industriell-vattenrening\"\n              >\n        Industriell vattenrening      <\/option>\n          <option\n        value=\"kitchen-exhaust-sv\"\n              >\n        Kitchen Exhaust      <\/option>\n          <option\n        value=\"storkoksventilation\"\n              >\n        Stork\u00f6ksventilation      <\/option>\n      <\/select>\n\n  <select\n    id=\"event_location\"\n    name=\"year-filter\"\n    class=\"filtering___select\"\n    data-arrow=\"<svg version=\"1.1\" id=\"Layer_1\" xmlns=\"http:\/\/www.w3.org\/2000\/svg\" x=\"0\" y=\"0\" viewBox=\"0 0 20 11.44\" xml:space=\"preserve\"><path fill=\"#FF691C\" d=\"M10 7.99L17.56.42c.55-.56 1.45-.56 2.01-.01l.01.01c.55.56.55 1.46 0 2.02l-8.57 8.57c-.54.54-1.41.56-1.97.04L.42 2.45C-.14 1.89-.14.99.42.43s1.46-.56 2.02 0L10 7.99z\"\/><\/svg>&#8221;\n  >\n    <option value=\"none\">&#8211; Event Locations &#8211;<\/option>\n\n              <option\n        value=\"finland-sv\"\n              >\n        Finland      <\/option>\n          <option\n        value=\"forenade-arabemiraten\"\n              >\n        F\u00f6renade arabemiraten      <\/option>\n          <option\n        value=\"sverige\"\n              >\n        Sverige      <\/option>\n          <option\n        value=\"sweden-sv\"\n              >\n        Sweden      <\/option>\n          <option\n        value=\"webinar-sv\"\n              >\n        Webinar      <\/option>\n      <\/select>\n\n  <select\n    id=\"event_period\"\n    name=\"year-filter\"\n    class=\"filtering___select\"\n    data-arrow=\"<svg version=\"1.1\" id=\"Layer_1\" xmlns=\"http:\/\/www.w3.org\/2000\/svg\" x=\"0\" y=\"0\" viewBox=\"0 0 20 11.44\" xml:space=\"preserve\"><path fill=\"#FF691C\" d=\"M10 7.99L17.56.42c.55-.56 1.45-.56 2.01-.01l.01.01c.55.56.55 1.46 0 2.02l-8.57 8.57c-.54.54-1.41.56-1.97.04L.42 2.45C-.14 1.89-.14.99.42.43s1.46-.56 2.02 0L10 7.99z\"\/><\/svg>&#8221;\n  >\n    <option value=\"none\">&#8211; Year &#8211;<\/option>\n\n              <option\n        value=\"2019-sv\"\n              >\n        2019      <\/option>\n          <option\n        value=\"2020-sv\"\n              >\n        2020      <\/option>\n          <option\n        value=\"2021-sv\"\n              >\n        2021      <\/option>\n      <\/select>\n<\/div>    \r\n    \r\n              <div class=\"projects events projects--archive\">\r\n              \n  <div class=\"events__event\" style='background-color: #e6e6e6;border:1px solid #000;'>\n    <div class=\"events__event--content\">\n    <a href=\"https:\/\/academy.mellifiq.com\/sv\/archives\/events\/en-standarden-16282-och-effektiv-rening-av-koksfranluft-vasteras-4\" title='EN-standarden 16282 &amp; 15780 och effektiv rening av k\u00f6ksfr\u00e5nluft (V\u00e4ster\u00e5s)'><h3 class=\"title\" >EN-standarden 1&#8230;<\/h3><\/a>\n      <p style=\"margin-bottom: 0;\">Language : Svenska<\/p>\n      <p style=\"margin-bottom: 0;\">Date : 2026-04-15<\/p>\n      <p style=\"margin-bottom: 0;\">Platform : Seminarium<\/p>\n      \t\t\t<p style=\"margin-bottom: 0;\">City : V\u00e4ster\u00e5s<\/p>        \n      <a href=\"https:\/\/academy.mellifiq.com\/sv\/archives\/events\/en-standarden-16282-och-effektiv-rening-av-koksfranluft-vasteras-4\"><p style=\"margin-bottom: 0;\">Read more&#8230;<\/p><\/a>\n          <\/div>\n    \n    <div class=\"event_button event_button_disabled\"><a >Past event<\/a><\/div>\n  <\/div>\n\n              \n  <div class=\"events__event\" style='background-color: #e6e6e6;border:1px solid #000;'>\n    <div class=\"events__event--content\">\n    <a href=\"https:\/\/academy.mellifiq.com\/sv\/archives\/events\/en-standarden-16282-och-effektiv-rening-av-koksfranluft-malmo-5\" title='EN-standarden 16282 &amp; 15780 och effektiv rening av k\u00f6ksfr\u00e5nluft (Malm\u00f6)'><h3 class=\"title\" >EN-standarden 1&#8230;<\/h3><\/a>\n      <p style=\"margin-bottom: 0;\">Language : Svenska<\/p>\n      <p style=\"margin-bottom: 0;\">Date : 2026-03-17<\/p>\n      <p style=\"margin-bottom: 0;\">Platform : Seminarium<\/p>\n      \t\t\t<p style=\"margin-bottom: 0;\">City :  Malm\u00f6<\/p>        \n      <a href=\"https:\/\/academy.mellifiq.com\/sv\/archives\/events\/en-standarden-16282-och-effektiv-rening-av-koksfranluft-malmo-5\"><p style=\"margin-bottom: 0;\">Read more&#8230;<\/p><\/a>\n          <\/div>\n    \n    <div class=\"event_button event_button_disabled\"><a >Past event<\/a><\/div>\n  <\/div>\n\n              \n  <div class=\"events__event\" style='background-color: #e6e6e6;border:1px solid #000;'>\n    <div class=\"events__event--content\">\n    <a href=\"https:\/\/academy.mellifiq.com\/sv\/archives\/events\/en-standarden-16282-och-effektiv-rening-av-koksfranluft-stockholm-6\" title='EN-standarden 16282 och effektiv rening av k\u00f6ksfr\u00e5nluft (Stockholm)'><h3 class=\"title\" >EN-standarden 1&#8230;<\/h3><\/a>\n      <p style=\"margin-bottom: 0;\">Language : Svenska<\/p>\n      <p style=\"margin-bottom: 0;\">Date : 2026-02-10<\/p>\n      <p style=\"margin-bottom: 0;\">Platform : Seminarium<\/p>\n      \t\t\t<p style=\"margin-bottom: 0;\">City : Stockholm<\/p>        \n      <a href=\"https:\/\/academy.mellifiq.com\/sv\/archives\/events\/en-standarden-16282-och-effektiv-rening-av-koksfranluft-stockholm-6\"><p style=\"margin-bottom: 0;\">Read more&#8230;<\/p><\/a>\n          <\/div>\n    \n    <div class=\"event_button event_button_disabled\"><a >Past event<\/a><\/div>\n  <\/div>\n\n              \n  <div class=\"events__event\" style='background-color: #e6e6e6;border:1px solid #000;'>\n    <div class=\"events__event--content\">\n    <a href=\"https:\/\/academy.mellifiq.com\/sv\/archives\/events\/en-standarden-16282-och-effektiv-rening-av-koksfranluft-helsingborg\" title='EN-standarden 16282 och effektiv rening av k\u00f6ksfr\u00e5nluft (Helsingborg)'><h3 class=\"title\" >EN-standarden 1&#8230;<\/h3><\/a>\n      <p style=\"margin-bottom: 0;\">Language : Svenska<\/p>\n      <p style=\"margin-bottom: 0;\">Date : 2025-12-11<\/p>\n      <p style=\"margin-bottom: 0;\">Platform : Seminarium<\/p>\n      \t\t\t<p style=\"margin-bottom: 0;\">City : Helsingborg<\/p>        \n      <a href=\"https:\/\/academy.mellifiq.com\/sv\/archives\/events\/en-standarden-16282-och-effektiv-rening-av-koksfranluft-helsingborg\"><p style=\"margin-bottom: 0;\">Read more&#8230;<\/p><\/a>\n          <\/div>\n    \n    <div class=\"event_button event_button_disabled\"><a >Past event<\/a><\/div>\n  <\/div>\n\n              \n  <div class=\"events__event\" style='background-color: #e6e6e6;border:1px solid #000;'>\n    <div class=\"events__event--content\">\n    <a href=\"https:\/\/academy.mellifiq.com\/sv\/archives\/events\/en-standarden-16282-och-effektiv-rening-av-koksfranluft-falun\" title='EN-standarden 16282 och effektiv rening av k\u00f6ksfr\u00e5nluft (Falun)'><h3 class=\"title\" >EN-standarden 1&#8230;<\/h3><\/a>\n      <p style=\"margin-bottom: 0;\">Language : Svenska<\/p>\n      <p style=\"margin-bottom: 0;\">Date : 2025-12-02<\/p>\n      <p style=\"margin-bottom: 0;\">Platform : Seminarium<\/p>\n      \t\t\t<p style=\"margin-bottom: 0;\">City : Falun<\/p>        \n      <a href=\"https:\/\/academy.mellifiq.com\/sv\/archives\/events\/en-standarden-16282-och-effektiv-rening-av-koksfranluft-falun\"><p style=\"margin-bottom: 0;\">Read more&#8230;<\/p><\/a>\n          <\/div>\n    \n    <div class=\"event_button event_button_disabled\"><a >Past event<\/a><\/div>\n  <\/div>\n\n              \n  <div class=\"events__event\" style='background-color: #e6e6e6;border:1px solid #000;'>\n    <div class=\"events__event--content\">\n    <a href=\"https:\/\/academy.mellifiq.com\/sv\/archives\/events\/en-standarden-16282-och-effektiv-rening-av-koksfranluft-stockholm-5\" title='EN-standarden 16282 och effektiv rening av k\u00f6ksfr\u00e5nluft (Stockholm)'><h3 class=\"title\" >EN-standarden 1&#8230;<\/h3><\/a>\n      <p style=\"margin-bottom: 0;\">Language : Svenska<\/p>\n      <p style=\"margin-bottom: 0;\">Date : 2025-11-25<\/p>\n      <p style=\"margin-bottom: 0;\">Platform : Seminarium<\/p>\n      \t\t\t<p style=\"margin-bottom: 0;\">City : Stockholm<\/p>        \n      <a href=\"https:\/\/academy.mellifiq.com\/sv\/archives\/events\/en-standarden-16282-och-effektiv-rening-av-koksfranluft-stockholm-5\"><p style=\"margin-bottom: 0;\">Read more&#8230;<\/p><\/a>\n          <\/div>\n    \n    <div class=\"event_button event_button_disabled\"><a >Past event<\/a><\/div>\n  <\/div>\n\n              \n  <div class=\"events__event\" style='background-color: #e6e6e6;border:1px solid #000;'>\n    <div class=\"events__event--content\">\n    <a href=\"https:\/\/academy.mellifiq.com\/sv\/archives\/events\/en-standarden-16282-och-effektiv-rening-av-koksfranluft-vasteras-3\" title='EN-standarden 16282 och effektiv rening av k\u00f6ksfr\u00e5nluft (V\u00e4ster\u00e5s)'><h3 class=\"title\" >EN-standarden 1&#8230;<\/h3><\/a>\n      <p style=\"margin-bottom: 0;\">Language : Svenska<\/p>\n      <p style=\"margin-bottom: 0;\">Date : 2025-11-11<\/p>\n      <p style=\"margin-bottom: 0;\">Platform : Seminarium<\/p>\n      \t\t\t<p style=\"margin-bottom: 0;\">City : V\u00e4ster\u00e5s<\/p>        \n      <a href=\"https:\/\/academy.mellifiq.com\/sv\/archives\/events\/en-standarden-16282-och-effektiv-rening-av-koksfranluft-vasteras-3\"><p style=\"margin-bottom: 0;\">Read more&#8230;<\/p><\/a>\n          <\/div>\n    \n    <div class=\"event_button event_button_disabled\"><a >Past event<\/a><\/div>\n  <\/div>\n\n              \n  <div class=\"events__event\" style='background-color: #e6e6e6;border:1px solid #000;'>\n    <div class=\"events__event--content\">\n    <a href=\"https:\/\/academy.mellifiq.com\/sv\/archives\/events\/en-standarden-16282-och-effektiv-rening-av-koksfranluft-norrkoping-2\" title='EN-standarden 16282 och effektiv rening av k\u00f6ksfr\u00e5nluft (Norrk\u00f6ping)'><h3 class=\"title\" >EN-standarden 1&#8230;<\/h3><\/a>\n      <p style=\"margin-bottom: 0;\">Language : Svenska<\/p>\n      <p style=\"margin-bottom: 0;\">Date : 2025-10-16<\/p>\n      <p style=\"margin-bottom: 0;\">Platform : Seminarium<\/p>\n      \t\t\t<p style=\"margin-bottom: 0;\">City : Norrk\u00f6ping<\/p>        \n      <a href=\"https:\/\/academy.mellifiq.com\/sv\/archives\/events\/en-standarden-16282-och-effektiv-rening-av-koksfranluft-norrkoping-2\"><p style=\"margin-bottom: 0;\">Read more&#8230;<\/p><\/a>\n          <\/div>\n    \n    <div class=\"event_button event_button_disabled\"><a >Past event<\/a><\/div>\n  <\/div>\n\n              \n  <div class=\"events__event\" style='background-color: #e6e6e6;border:1px solid #000;'>\n    <div class=\"events__event--content\">\n    <a href=\"https:\/\/academy.mellifiq.com\/sv\/archives\/events\/en-standarden-16282-och-effektiv-rening-av-koksfranluft-goteborg-3\" title='EN-standarden 16282 och effektiv rening av k\u00f6ksfr\u00e5nluft (G\u00f6teborg)'><h3 class=\"title\" >EN-standarden 1&#8230;<\/h3><\/a>\n      <p style=\"margin-bottom: 0;\">Language : Svenska<\/p>\n      <p style=\"margin-bottom: 0;\">Date : 2025-10-02<\/p>\n      <p style=\"margin-bottom: 0;\">Platform : Seminarium<\/p>\n      \t\t\t<p style=\"margin-bottom: 0;\">City : G\u00f6teborg<\/p>        \n      <a href=\"https:\/\/academy.mellifiq.com\/sv\/archives\/events\/en-standarden-16282-och-effektiv-rening-av-koksfranluft-goteborg-3\"><p style=\"margin-bottom: 0;\">Read more&#8230;<\/p><\/a>\n          <\/div>\n    \n    <div class=\"event_button event_button_disabled\"><a >Past event<\/a><\/div>\n  <\/div>\n\n              \n  <div class=\"events__event\" style='background-color: #e6e6e6;border:1px solid #000;'>\n    <div class=\"events__event--content\">\n    <a href=\"https:\/\/academy.mellifiq.com\/sv\/archives\/events\/en-standarden-16282-och-effektiv-rening-av-koksfranluft-sundsvall\" title='EN-standarden 16282 och effektiv rening av k\u00f6ksfr\u00e5nluft (Sundsvall)'><h3 class=\"title\" >EN-standarden 1&#8230;<\/h3><\/a>\n      <p style=\"margin-bottom: 0;\">Language : Svenska<\/p>\n      <p style=\"margin-bottom: 0;\">Date : 2025-09-16<\/p>\n      <p style=\"margin-bottom: 0;\">Platform : Seminarium<\/p>\n      \t\t\t<p style=\"margin-bottom: 0;\">City : Sundsvall<\/p>        \n      <a href=\"https:\/\/academy.mellifiq.com\/sv\/archives\/events\/en-standarden-16282-och-effektiv-rening-av-koksfranluft-sundsvall\"><p style=\"margin-bottom: 0;\">Read more&#8230;<\/p><\/a>\n          <\/div>\n    \n    <div class=\"event_button event_button_disabled\"><a >Past event<\/a><\/div>\n  <\/div>\n\n              \n  <div class=\"events__event\" style='background-color: #e6e6e6;border:1px solid #000;'>\n    <div class=\"events__event--content\">\n    <a href=\"https:\/\/academy.mellifiq.com\/sv\/archives\/events\/en-standarden-16282-och-effektiv-rening-av-koksfranluft-malmo\" title='EN-standarden 16282 och effektiv rening av k\u00f6ksfr\u00e5nluft (Malm\u00f6)'><h3 class=\"title\" >EN-standarden 1&#8230;<\/h3><\/a>\n      <p style=\"margin-bottom: 0;\">Language : Svenska<\/p>\n      <p style=\"margin-bottom: 0;\">Date : 2025-09-09<\/p>\n      <p style=\"margin-bottom: 0;\">Platform : Seminarium<\/p>\n      \t\t\t<p style=\"margin-bottom: 0;\">City : Malm\u00f6<\/p>        \n      <a href=\"https:\/\/academy.mellifiq.com\/sv\/archives\/events\/en-standarden-16282-och-effektiv-rening-av-koksfranluft-malmo\"><p style=\"margin-bottom: 0;\">Read more&#8230;<\/p><\/a>\n          <\/div>\n    \n    <div class=\"event_button event_button_disabled\"><a >Past event<\/a><\/div>\n  <\/div>\n\n              \n  <div class=\"events__event\" style='background-color: #e6e6e6;border:1px solid #000;'>\n    <div class=\"events__event--content\">\n    <a href=\"https:\/\/academy.mellifiq.com\/sv\/archives\/events\/en-standarden-16282-och-effektiv-rening-av-koksfranluft-ostersund\" title='EN-standarden 16282 och effektiv rening av k\u00f6ksfr\u00e5nluft (\u00d6stersund)'><h3 class=\"title\" >EN-standarden 1&#8230;<\/h3><\/a>\n      <p style=\"margin-bottom: 0;\">Language : Svenska<\/p>\n      <p style=\"margin-bottom: 0;\">Date : 2025-06-17<\/p>\n      <p style=\"margin-bottom: 0;\">Platform : Seminarium<\/p>\n      \t\t\t<p style=\"margin-bottom: 0;\">City : \u00d6stersund<\/p>        \n      <a href=\"https:\/\/academy.mellifiq.com\/sv\/archives\/events\/en-standarden-16282-och-effektiv-rening-av-koksfranluft-ostersund\"><p style=\"margin-bottom: 0;\">Read more&#8230;<\/p><\/a>\n          <\/div>\n    \n    <div class=\"event_button event_button_disabled\"><a >Past event<\/a><\/div>\n  <\/div>\n\n          <\/div>\r\n\r\n    \r\n    \r\n    <nav class=\"col-12 pagination\">\r\n      <span aria-current=\"page\" class=\"page-numbers current\">1<\/span>\n<a class=\"page-numbers\" href=\"https:\/\/academy.mellifiq.com\/sv\/wp-json\/wp\/v2\/pages\/102\/page\/2\">2<\/a>\n<a class=\"page-numbers\" href=\"https:\/\/academy.mellifiq.com\/sv\/wp-json\/wp\/v2\/pages\/102\/page\/3\">3<\/a>\n<span class=\"page-numbers dots\">&hellip;<\/span>\n<a class=\"page-numbers\" href=\"https:\/\/academy.mellifiq.com\/sv\/wp-json\/wp\/v2\/pages\/102\/page\/7\">7<\/a>\n<a class=\"next page-numbers\" href=\"https:\/\/academy.mellifiq.com\/sv\/wp-json\/wp\/v2\/pages\/102\/page\/2\"><span class='pagination__arrow pagination__arrow--next'>Next <svg version=\"1.1\" id=\"Layer_1\" xmlns=\"http:\/\/www.w3.org\/2000\/svg\" x=\"0\" y=\"0\" viewBox=\"0 0 25 21.76\" xml:space=\"preserve\"><path fill=\"#299F23\" d=\"M12.17 1.45l1.11-1.1c.46-.47 1.22-.47 1.68 0l9.69 9.68c.47.46.47 1.22 0 1.68l-9.69 9.69c-.46.47-1.22.47-1.68 0l-1.11-1.11c-.47-.47-.46-1.23.01-1.7l.01-.01 6-5.72h-17c-.66 0-1.2-.53-1.2-1.19v-1.6c0-.66.53-1.2 1.19-1.2h17.01l-6-5.72c-.48-.45-.5-1.2-.05-1.68.01 0 .02-.01.03-.02z\"\/><\/svg><\/span><\/a>    <\/nav>\r\n\r\n      <\/div>\r\n<\/section>","protected":false},"excerpt":{"rendered":"","protected":false},"author":7,"featured_media":0,"parent":0,"menu_order":0,"comment_status":"closed","ping_status":"closed","template":"page-oa.php","meta":{"_acf_changed":false,"_seopress_robots_primary_cat":"","_seopress_titles_title":"","_seopress_titles_desc":"","_seopress_robots_index":"","inline_featured_image":false,"footnotes":""},"class_list":["post-102","page","type-page","status-publish","hentry"],"acf":[],"_links":{"self":[{"href":"https:\/\/academy.mellifiq.com\/sv\/wp-json\/wp\/v2\/pages\/102","targetHints":{"allow":["GET"]}}],"collection":[{"href":"https:\/\/academy.mellifiq.com\/sv\/wp-json\/wp\/v2\/pages"}],"about":[{"href":"https:\/\/academy.mellifiq.com\/sv\/wp-json\/wp\/v2\/types\/page"}],"author":[{"embeddable":true,"href":"https:\/\/academy.mellifiq.com\/sv\/wp-json\/wp\/v2\/users\/7"}],"replies":[{"embeddable":true,"href":"https:\/\/academy.mellifiq.com\/sv\/wp-json\/wp\/v2\/comments?post=102"}],"version-history":[{"count":14,"href":"https:\/\/academy.mellifiq.com\/sv\/wp-json\/wp\/v2\/pages\/102\/revisions"}],"predecessor-version":[{"id":2749,"href":"https:\/\/academy.mellifiq.com\/sv\/wp-json\/wp\/v2\/pages\/102\/revisions\/2749"}],"wp:attachment":[{"href":"https:\/\/academy.mellifiq.com\/sv\/wp-json\/wp\/v2\/media?parent=102"}],"curies":[{"name":"wp","href":"https:\/\/api.w.org\/{rel}","templated":true}]}}